{"id":1294,"date":"2022-05-14T05:41:55","date_gmt":"2022-05-14T05:41:55","guid":{"rendered":"https:\/\/blog.cahokia.de\/?page_id=1294"},"modified":"2022-05-14T06:15:43","modified_gmt":"2022-05-14T06:15:43","slug":"inklusionsangebote","status":"publish","type":"page","link":"https:\/\/blog.cahokia.de\/home\/vereinsleben\/inklusionsangebote\/","title":{"rendered":"Inklusionsangebote"},"content":{"rendered":"<p><b>Reitangebote f\u00fcr Kinder und Jugendliche mit Handicaps<\/b><\/p>\n<p align=\"left\">Die Idee des Reitvereins beruht auf der Annahme, dass jedem seine eigene Normalit\u00e4t eigen ist. So erleben auch Kinder und Jugendliche mit Handicaps Erfolgserlebnisse und Fortschritte, auch sie \u00fcberwinden \u00c4ngste, l\u00f6sen Probleme und haben Tr\u00e4ume. Der Unterricht gemeinsam mit Kindern und Jugendlichen ohne Handicaps ist kein neues Konzept, aber eine f\u00fcr beide Seiten bereichernde Erfahrung. Und wer gemeinsam lernt, hat keine Ber\u00fchrungs\u00e4ngste, keine Vorurteile.<\/p>\n<p align=\"left\">Das Medium Pferd f\u00fchrt die Kinder und Jugendlichen durch die Aufgaben. Das Pferd macht keinen Unterschied. Es nimmt die physischen oder psychischen Einschr\u00e4nkungen zwar wahr, wertet jedoch nicht. Gut ausgebildete Pferde und Ponys stehen hierf\u00fcr zur Verf\u00fcgung.<\/p>\n<p align=\"left\">Gleich diesem Vorbild betreuen wir unsere Reitsch\u00fcler.<\/p>\n<p align=\"left\">Wir legen gro\u00dfen Wert auf eine vertrauensvolle Lernatmosph\u00e4re und einen freundlichen Umgangston. Wir wollen Kindertr\u00e4ume wahr werden lassen, lassen die B\u00e4ume aber nicht in den Himmel wachsen. Denn auch Grenzen sind wichtig und wertvoll.<\/p>\n<p align=\"left\">Die Zusammenarbeit mit den jeweiligen Betreuern und den Eltern sind die Grundlagen unserer Arbeit.<\/p>\n<p align=\"left\">Unser Ziel ist es, Kindern und Jugendlichen mit Handicaps eine M\u00f6glichkeit zur Freizeitgestaltung zu er\u00f6ffnen. Kindern mit famili\u00e4ren Problemen Gelegenheit zu geben, ihr Selbstvertrauen zu st\u00e4rken, sie zu lehren Grenzen zu setzen und sie auch zu respektieren.<\/p>\n<hr \/>\n<p align=\"left\"><b>Zusammenarbeit mit Vereinen und Einrichtungen der Jugendhilfe<\/b><\/p>\n<p align=\"left\">Unser Ziel, Kindern und Jugendlichen mit Handicaps oder aus Situationen mit famili\u00e4ren Problemen ein entspanntes Reiterlebnis gemeinsam mit anderen Kindern und Jugendlichen genie\u00dfen zu lassen, realisieren wir sehr gern gemeinsam mit Vereinen und Einrichtungen der Jugendhilfe gemeinsame Aktionen.<\/p>\n<p align=\"left\">Leicht zu erreichen, vor den Toren von Berlin, ist es f\u00fcr Berliner Einrichtungen der Jugendhilfe sehr gut m\u00f6glich, budgetgerechte Angebote f\u00fcr das Reiten f\u00fcr Kinder, Ponyreiten oder gestaltete Tage\/Nachmittage umsetzen zu k\u00f6nnen.<\/p>\n<p align=\"left\">Wir bieten hier mehr als zehn Jahre Erfahrung sowie die geeigneten Rahmenbedingungen.<\/p>\n<p align=\"left\"><a href=\"https:\/\/blog.cahokia.de\/wp-content\/uploads\/2022\/05\/ProduktJugendamt01-2.pdf\" target=\"_blank\" rel=\"noopener\">Flyer Jugendamt<\/a><\/p>\n<hr \/>\n<p><b>Pers\u00f6nlichkeit und Pferd<\/b><\/p>\n<p>Werden Sie als F\u00fchrungskraft aktives Mitglied in einem Reitverein und genie\u00dfen Sie die ausgleichende, erholsame und gleichzeitig pers\u00f6nlichkeitsentwickelnde Freizeitgestaltung mit Pferden.<\/p>\n<p>Pferde spiegeln das Verhalten der Menschen. Ma\u00dfgebend ist dabei nicht die \u00e4u\u00dfere Willensbekundung, sondern die innere Einstellung, da das Pferd ausschlie\u00dflich auf K\u00f6rpersprache reagiert.<\/p>\n<p>Im Bestreben, das Wohlbefinden des Menschen st\u00e4ndig zu verbessern, haben wir ein Betreuungsangebot f\u00fcr Vereinsmitglieder entwickelt, die einen spezifischen Ausgleich zum Berufsleben suchen.<\/p>\n<p>Sehr gern stellen wir Ihnen das Programm detailliert vor, bitte fragen Sie nach!<\/p>\n<p><a href=\"https:\/\/blog.cahokia.de\/wp-content\/uploads\/2022\/05\/FlyerFuehrungskraeftetraining.pdf\">Flyer F\u00fchrungskr\u00e4ftetraining<\/a><\/p>\n<p>&nbsp;<\/p>\n","protected":false},"excerpt":{"rendered":"<p>Reitangebote f\u00fcr Kinder und Jugendliche mit Handicaps Die Idee des Reitvereins beruht auf der Annahme, dass jedem seine eigene Normalit\u00e4t eigen ist. So erleben auch Kinder und Jugendliche mit Handicaps Erfolgserlebnisse und Fortschritte, auch sie \u00fcberwinden \u00c4ngste, l\u00f6sen Probleme und haben Tr\u00e4ume. Der Unterricht gemeinsam mit Kindern und Jugendlichen ohne Handicaps ist kein neues Konzept, &hellip; <a href=\"https:\/\/blog.cahokia.de\/home\/vereinsleben\/inklusionsangebote\/\" class=\"more-link\"><span class=\"screen-reader-text\">Inklusionsangebote<\/span> weiterlesen <span class=\"meta-nav\">&rarr;<\/span><\/a><\/p>\n","protected":false},"author":4,"featured_media":0,"parent":1259,"menu_order":0,"comment_status":"closed","ping_status":"closed","template":"page-templates\/full-width.php","meta":{"footnotes":""},"class_list":["post-1294","page","type-page","status-publish","hentry"],"_links":{"self":[{"href":"https:\/\/blog.cahokia.de\/home\/wp-json\/wp\/v2\/pages\/1294","targetHints":{"allow":["GET"]}}],"collection":[{"href":"https:\/\/blog.cahokia.de\/home\/wp-json\/wp\/v2\/pages"}],"about":[{"href":"https:\/\/blog.cahokia.de\/home\/wp-json\/wp\/v2\/types\/page"}],"author":[{"embeddable":true,"href":"https:\/\/blog.cahokia.de\/home\/wp-json\/wp\/v2\/users\/4"}],"replies":[{"embeddable":true,"href":"https:\/\/blog.cahokia.de\/home\/wp-json\/wp\/v2\/comments?post=1294"}],"version-history":[{"count":3,"href":"https:\/\/blog.cahokia.de\/home\/wp-json\/wp\/v2\/pages\/1294\/revisions"}],"predecessor-version":[{"id":1362,"href":"https:\/\/blog.cahokia.de\/home\/wp-json\/wp\/v2\/pages\/1294\/revisions\/1362"}],"up":[{"embeddable":true,"href":"https:\/\/blog.cahokia.de\/home\/wp-json\/wp\/v2\/pages\/1259"}],"wp:attachment":[{"href":"https:\/\/blog.cahokia.de\/home\/wp-json\/wp\/v2\/media?parent=1294"}],"curies":[{"name":"wp","href":"https:\/\/api.w.org\/{rel}","templated":true}]}}