{"id":1292,"date":"2022-05-14T05:00:15","date_gmt":"2022-05-14T05:00:15","guid":{"rendered":"https:\/\/blog.cahokia.de\/?page_id=1292"},"modified":"2026-04-12T13:57:54","modified_gmt":"2026-04-12T13:57:54","slug":"infos-und-termine","status":"publish","type":"page","link":"https:\/\/blog.cahokia.de\/home\/infos-und-termine\/","title":{"rendered":"Infos und Termine"},"content":{"rendered":"<h5><b>Abenteuerwochenenden<br \/>\n<\/b><\/h5>\n<p>Wir haben die Termine f\u00fcr die Abenteuerwochenenden noch nicht festgelegt!<br \/>\nRechtzeitige Anmeldung sichert einen der begehrten<br \/>\nPl\u00e4tze, n\u00e4here Informationen gibt es beim Cahokia e.V., den <a href=\"https:\/\/blog.cahokia.de\/wp-content\/uploads\/2025\/06\/ProduktAbenteuerwochenende.pdf\" target=\"_blank\" rel=\"noopener\"><b>Flyer hier zum Downloaden<\/b><\/a>. Das <a href=\"https:\/\/blog.cahokia.de\/wp-content\/uploads\/2025\/06\/Anmeldeformular2025.pdf\" target=\"_blank\" rel=\"noopener\"><b>Anmeldeformular findet ihr hier<\/b><\/a>.<\/p>\n<p>Termine:<br \/>\n<strong>1.\u00a0 <\/strong><\/p>\n<p><strong>2.\u00a0<\/strong> <\/p>\n<p><strong>3. <\/strong><\/p>\n<h5><b>Veranstaltungen mit unseren Ponies<\/b><\/h5>\n<p>In den n\u00e4chsten Wochen gibt wieder einige Termine, wo Ihr uns mit unseren Pferden treffen und kennenlernen k\u00f6nnt. Eine kleine Auswahl haben wir hier aufgef\u00fchrt:<\/p>\n<p><b>Ponyf\u00fchrtermine auf der Trabrennbahn Mariendorf, die mit heutigem Stand vorgesehen sind &#8211; dies kann sich auf Grund verschiedener Umst\u00e4nde auch immer mal \u00e4ndern.<br \/>\n<\/b><\/p>\n<ul>\n<li>Freitag, 3. April 2026 (immer 12-16 Uhr, falls nicht anders angegeben)<\/li>\n<li>Sonntag, 19. April 2026<\/li>\n<li>Sonntag, 17. Mai 2026<\/li>\n<li>Sonntag, 7. Juni 2026<\/li>\n<li>Sonntag, 28. Juni 2026<\/li>\n<li>Sonntag, 5. Juli 2026<\/li>\n<li>Samstag, 18. Juli 2026<\/li>\n<li>Samstag, 1. August 2026 ab 10.30 Uhr<\/li>\n<li>Sonntag, 2. August 2026 ab 11.00 Uhr<\/li>\n<li>Freitag, 14. August 2026 ab 14.00 Uhr<\/li>\n<li>Samstag, 15. August 2026 ab 11.00 Uhr<\/li>\n<li>Sonntag, 16. August 2026 ab 11.00 Uhr<\/li>\n<li>Samstag, 12. September 2026 (Uhrzeit noch offen)<\/li>\n<li>Sonntag, 13. September 2026<\/li>\n<li>Samstag, 26. September 2026<\/li>\n<\/ul>\n<p><b>Ponyf\u00fchren sonstige:<\/b><\/p>\n<ul>\n<li>Kinderfest Streganz 30.05.2026, 15-17 Uhr<\/li>\n<li>Dorffest Streganz 01.08.2026, 14-17 Uhr<\/li>\n<\/ul>\n<p><strong>Martinsritte in Berlin: 11.11.26: <\/strong><\/p>\n<p>&nbsp;<\/p>\n<p><b>\u00a0<\/b><\/p>\n","protected":false},"excerpt":{"rendered":"<p>Abenteuerwochenenden Wir haben die Termine f\u00fcr die Abenteuerwochenenden noch nicht festgelegt! Rechtzeitige Anmeldung sichert einen der begehrten Pl\u00e4tze, n\u00e4here Informationen gibt es beim Cahokia e.V., den Flyer hier zum Downloaden. Das Anmeldeformular findet ihr hier. Termine: 1.\u00a0 2.\u00a0 3. Veranstaltungen mit unseren Ponies In den n\u00e4chsten Wochen gibt wieder einige Termine, wo Ihr uns mit &hellip; <a href=\"https:\/\/blog.cahokia.de\/home\/infos-und-termine\/\" class=\"more-link\"><span class=\"screen-reader-text\">Infos und Termine<\/span> weiterlesen <span class=\"meta-nav\">&rarr;<\/span><\/a><\/p>\n","protected":false},"author":4,"featured_media":0,"parent":0,"menu_order":0,"comment_status":"closed","ping_status":"closed","template":"page-templates\/full-width.php","meta":{"footnotes":""},"class_list":["post-1292","page","type-page","status-publish","hentry"],"_links":{"self":[{"href":"https:\/\/blog.cahokia.de\/home\/wp-json\/wp\/v2\/pages\/1292","targetHints":{"allow":["GET"]}}],"collection":[{"href":"https:\/\/blog.cahokia.de\/home\/wp-json\/wp\/v2\/pages"}],"about":[{"href":"https:\/\/blog.cahokia.de\/home\/wp-json\/wp\/v2\/types\/page"}],"author":[{"embeddable":true,"href":"https:\/\/blog.cahokia.de\/home\/wp-json\/wp\/v2\/users\/4"}],"replies":[{"embeddable":true,"href":"https:\/\/blog.cahokia.de\/home\/wp-json\/wp\/v2\/comments?post=1292"}],"version-history":[{"count":13,"href":"https:\/\/blog.cahokia.de\/home\/wp-json\/wp\/v2\/pages\/1292\/revisions"}],"predecessor-version":[{"id":1555,"href":"https:\/\/blog.cahokia.de\/home\/wp-json\/wp\/v2\/pages\/1292\/revisions\/1555"}],"wp:attachment":[{"href":"https:\/\/blog.cahokia.de\/home\/wp-json\/wp\/v2\/media?parent=1292"}],"curies":[{"name":"wp","href":"https:\/\/api.w.org\/{rel}","templated":true}]}}