{"id":1278,"date":"2022-05-05T19:01:56","date_gmt":"2022-05-05T19:01:56","guid":{"rendered":"https:\/\/blog.cahokia.de\/?page_id=1278"},"modified":"2022-05-05T19:04:13","modified_gmt":"2022-05-05T19:04:13","slug":"reiten-fuer-erwachsene","status":"publish","type":"page","link":"https:\/\/blog.cahokia.de\/home\/vereinsleben\/reiten-fuer-erwachsene\/","title":{"rendered":"Reiten f\u00fcr Erwachsene"},"content":{"rendered":"<div align=\"left\">\n<p>&nbsp;<\/p>\n<p><a href=\"https:\/\/blog.cahokia.de\/wp-content\/uploads\/2022\/01\/Streganzberg01.jpg\"><img loading=\"lazy\" decoding=\"async\" class=\"alignnone size-full wp-image-898\" src=\"https:\/\/blog.cahokia.de\/wp-content\/uploads\/2022\/01\/Streganzberg01.jpg\" alt=\"\" width=\"1600\" height=\"900\" srcset=\"https:\/\/blog.cahokia.de\/wp-content\/uploads\/2022\/01\/Streganzberg01.jpg 1600w, https:\/\/blog.cahokia.de\/wp-content\/uploads\/2022\/01\/Streganzberg01-300x169.jpg 300w, https:\/\/blog.cahokia.de\/wp-content\/uploads\/2022\/01\/Streganzberg01-1024x576.jpg 1024w, https:\/\/blog.cahokia.de\/wp-content\/uploads\/2022\/01\/Streganzberg01-768x432.jpg 768w, https:\/\/blog.cahokia.de\/wp-content\/uploads\/2022\/01\/Streganzberg01-1536x864.jpg 1536w\" sizes=\"auto, (max-width: 1600px) 100vw, 1600px\" \/><\/a><\/p>\n<p>Selbstverst\u00e4ndlich genie\u00dfen auch die &#8222;Gro\u00dfen&#8220; unsere Aufmerksamkeit und eine breitgef\u00e4cherte Reitausbildung, unter anderem mit folgenden Schwerpunkten:<\/p>\n<ul type=\"square\">\n<li><b>Reiten f\u00fcr Anf\u00e4nger!<\/b><br \/>\nWas Ihr Euch schon immer gew\u00fcnscht, aber noch nie getraut habt &#8211; Reiten! Nat\u00fcrlich ist es m\u00f6glich, auch im Erwachsenen-Alter mit dem Reiten zu beginnen. Die ersten Schritte gehen wir gern mit Euch gemeinsam und beginnen eine hoffentlich lange und sch\u00f6ne Zeit des Reiterlebens.<\/li>\n<li><b>Reiten f\u00fcr Wiedereinsteiger!<\/b><br \/>\nEs gibt vielf\u00e4ltige Gr\u00fcnde f\u00fcr eine l\u00e4ngere oder k\u00fcrzere Pause des Reitens. Wir unterst\u00fctzen Euch, Euch die Dinge wieder zu trauen, vor denen Ihr Respekt habt. Besonders sorgf\u00e4ltig bereiten wir Reiterinnen und Reiter vor, die wegen eines Unfalles oder sonstiger reiterlicher Missgeschicke \u00c4ngste mit sich umhertragen, aber dennoch wieder reiten m\u00f6chten.<\/li>\n<li><b>Reiten f\u00fcr alle, die Spa\u00df daran haben!<\/b><br \/>\nReiten macht Spa\u00df, den Pferden und den Reitern &#8211; das m\u00f6chten wir mit Euch gemeinsam erreichen. Daher liegt unser Schwerpunkt auf dem &#8222;Reiten aus der K\u00f6rpermitte&#8220;. Uns ist wichtig zu vermitteln, wie ein Pferd sich tats\u00e4chlich bewegt, welche biomechanischen Eigenschaften beachtet werden m\u00fcssen und wie man sich mit dem Pferd durch alle Situationen des reiterlichen Alltags schlagen kann.<\/li>\n<\/ul>\n<p>Wir freuen uns auf alle, die uns kennenlernen wollen!<\/p>\n<\/div>\n","protected":false},"excerpt":{"rendered":"<p>&nbsp; Selbstverst\u00e4ndlich genie\u00dfen auch die &#8222;Gro\u00dfen&#8220; unsere Aufmerksamkeit und eine breitgef\u00e4cherte Reitausbildung, unter anderem mit folgenden Schwerpunkten: Reiten f\u00fcr Anf\u00e4nger! Was Ihr Euch schon immer gew\u00fcnscht, aber noch nie getraut habt &#8211; Reiten! Nat\u00fcrlich ist es m\u00f6glich, auch im Erwachsenen-Alter mit dem Reiten zu beginnen. Die ersten Schritte gehen wir gern mit Euch gemeinsam und &hellip; <a href=\"https:\/\/blog.cahokia.de\/home\/vereinsleben\/reiten-fuer-erwachsene\/\" class=\"more-link\"><span class=\"screen-reader-text\">Reiten f\u00fcr Erwachsene<\/span> weiterlesen <span class=\"meta-nav\">&rarr;<\/span><\/a><\/p>\n","protected":false},"author":4,"featured_media":0,"parent":1259,"menu_order":2,"comment_status":"closed","ping_status":"closed","template":"page-templates\/full-width.php","meta":{"footnotes":""},"class_list":["post-1278","page","type-page","status-publish","hentry"],"_links":{"self":[{"href":"https:\/\/blog.cahokia.de\/home\/wp-json\/wp\/v2\/pages\/1278","targetHints":{"allow":["GET"]}}],"collection":[{"href":"https:\/\/blog.cahokia.de\/home\/wp-json\/wp\/v2\/pages"}],"about":[{"href":"https:\/\/blog.cahokia.de\/home\/wp-json\/wp\/v2\/types\/page"}],"author":[{"embeddable":true,"href":"https:\/\/blog.cahokia.de\/home\/wp-json\/wp\/v2\/users\/4"}],"replies":[{"embeddable":true,"href":"https:\/\/blog.cahokia.de\/home\/wp-json\/wp\/v2\/comments?post=1278"}],"version-history":[{"count":4,"href":"https:\/\/blog.cahokia.de\/home\/wp-json\/wp\/v2\/pages\/1278\/revisions"}],"predecessor-version":[{"id":1291,"href":"https:\/\/blog.cahokia.de\/home\/wp-json\/wp\/v2\/pages\/1278\/revisions\/1291"}],"up":[{"embeddable":true,"href":"https:\/\/blog.cahokia.de\/home\/wp-json\/wp\/v2\/pages\/1259"}],"wp:attachment":[{"href":"https:\/\/blog.cahokia.de\/home\/wp-json\/wp\/v2\/media?parent=1278"}],"curies":[{"name":"wp","href":"https:\/\/api.w.org\/{rel}","templated":true}]}}