{"id":1271,"date":"2022-05-05T19:00:15","date_gmt":"2022-05-05T19:00:15","guid":{"rendered":"https:\/\/blog.cahokia.de\/?page_id=1271"},"modified":"2022-05-05T19:00:28","modified_gmt":"2022-05-05T19:00:28","slug":"reiten-fuer-kinder","status":"publish","type":"page","link":"https:\/\/blog.cahokia.de\/home\/vereinsleben\/reiten-fuer-kinder\/","title":{"rendered":"Reiten f\u00fcr Kinder"},"content":{"rendered":"<div align=\"left\">\n<p><b>Viel Platz f\u00fcr reichlich Kinderspa\u00df!<\/b><\/p>\n<p>Ohne Kinder w\u00e4re die Welt nur halb so bunt &#8211; deswegen sind viele Cahokia-Angebote, der Reitschule im S\u00fcden von Berlin, in erster Linie auf Kinder und Jugendliche zugeschnitten.<\/p>\n<ul type=\"square\">\n<li><b>Kindgerechte\u00a0Reitstunden<\/b><br \/>\nDurch spielerische Lektionen\u00a0in kleinen Gruppen\u00a0erlernen Kinder den Umgang mit dem Pferd und erwerben Selbstvertrauen.\u00a0Die sinnvolle Kombination von Spiel und\u00a0K\u00f6rperwahrnehmung\u00a0ist die Basis\u00a0einer darauf aufbauenden entspannten Reitausbildung.<\/li>\n<li><b>Reiten\u00a0ist\u00a0mehr!<\/b><br \/>\nDas Pferd\u00a0soll von den Kindern nicht\u00a0als Sportger\u00e4t wahrgenommen werden, sondern als lebendiger Freizeitpartner mit eigenen Bed\u00fcrfnissen.\u00a0Durch die\u00a0Beteiligung\u00a0der Kinder an der Pflege\u00a0und Betreuung erleben sie das Pferd in\u00a0seiner Umgebung und erlernen ganz nebenbei die Sprache der Pferde.<\/li>\n<li><b>Gemeinsam geht alles besser!<\/b><br \/>\nDurch einen freundlichen Umgangston und Hilfsbereitschaft bereiten auch die weniger angenehmen Arbeiten\u00a0viel Spa\u00df. Gegenseitige Unterst\u00fctzung bei Pr\u00fcfungen\u00a0und anderen Veranstaltungen ist eine der\u00a0Voraussetzungen f\u00fcr\u00a0das Gelingen.<\/li>\n<\/ul>\n<p>Unsere Ponies freuen sich auf Euch!<\/p>\n<p><a href=\"https:\/\/blog.cahokia.de\/wp-content\/uploads\/2022\/01\/UnterstandErweitert191002-09.jpg\"><img loading=\"lazy\" decoding=\"async\" class=\"alignnone size-full wp-image-948\" src=\"https:\/\/blog.cahokia.de\/wp-content\/uploads\/2022\/01\/UnterstandErweitert191002-09.jpg\" alt=\"\" width=\"960\" height=\"540\" srcset=\"https:\/\/blog.cahokia.de\/wp-content\/uploads\/2022\/01\/UnterstandErweitert191002-09.jpg 960w, https:\/\/blog.cahokia.de\/wp-content\/uploads\/2022\/01\/UnterstandErweitert191002-09-300x169.jpg 300w, https:\/\/blog.cahokia.de\/wp-content\/uploads\/2022\/01\/UnterstandErweitert191002-09-768x432.jpg 768w\" sizes=\"auto, (max-width: 960px) 100vw, 960px\" \/><\/a><\/p>\n<\/div>\n","protected":false},"excerpt":{"rendered":"<p>Viel Platz f\u00fcr reichlich Kinderspa\u00df! Ohne Kinder w\u00e4re die Welt nur halb so bunt &#8211; deswegen sind viele Cahokia-Angebote, der Reitschule im S\u00fcden von Berlin, in erster Linie auf Kinder und Jugendliche zugeschnitten. Kindgerechte\u00a0Reitstunden Durch spielerische Lektionen\u00a0in kleinen Gruppen\u00a0erlernen Kinder den Umgang mit dem Pferd und erwerben Selbstvertrauen.\u00a0Die sinnvolle Kombination von Spiel und\u00a0K\u00f6rperwahrnehmung\u00a0ist die Basis\u00a0einer &hellip; <a href=\"https:\/\/blog.cahokia.de\/home\/vereinsleben\/reiten-fuer-kinder\/\" class=\"more-link\"><span class=\"screen-reader-text\">Reiten f\u00fcr Kinder<\/span> weiterlesen <span class=\"meta-nav\">&rarr;<\/span><\/a><\/p>\n","protected":false},"author":4,"featured_media":0,"parent":1259,"menu_order":0,"comment_status":"closed","ping_status":"closed","template":"page-templates\/full-width.php","meta":{"footnotes":""},"class_list":["post-1271","page","type-page","status-publish","hentry"],"_links":{"self":[{"href":"https:\/\/blog.cahokia.de\/home\/wp-json\/wp\/v2\/pages\/1271","targetHints":{"allow":["GET"]}}],"collection":[{"href":"https:\/\/blog.cahokia.de\/home\/wp-json\/wp\/v2\/pages"}],"about":[{"href":"https:\/\/blog.cahokia.de\/home\/wp-json\/wp\/v2\/types\/page"}],"author":[{"embeddable":true,"href":"https:\/\/blog.cahokia.de\/home\/wp-json\/wp\/v2\/users\/4"}],"replies":[{"embeddable":true,"href":"https:\/\/blog.cahokia.de\/home\/wp-json\/wp\/v2\/comments?post=1271"}],"version-history":[{"count":2,"href":"https:\/\/blog.cahokia.de\/home\/wp-json\/wp\/v2\/pages\/1271\/revisions"}],"predecessor-version":[{"id":1273,"href":"https:\/\/blog.cahokia.de\/home\/wp-json\/wp\/v2\/pages\/1271\/revisions\/1273"}],"up":[{"embeddable":true,"href":"https:\/\/blog.cahokia.de\/home\/wp-json\/wp\/v2\/pages\/1259"}],"wp:attachment":[{"href":"https:\/\/blog.cahokia.de\/home\/wp-json\/wp\/v2\/media?parent=1271"}],"curies":[{"name":"wp","href":"https:\/\/api.w.org\/{rel}","templated":true}]}}