{"id":1259,"date":"2022-05-05T18:58:05","date_gmt":"2022-05-05T18:58:05","guid":{"rendered":"https:\/\/blog.cahokia.de\/?page_id=1259"},"modified":"2022-05-05T18:58:05","modified_gmt":"2022-05-05T18:58:05","slug":"vereinsleben","status":"publish","type":"page","link":"https:\/\/blog.cahokia.de\/home\/vereinsleben\/","title":{"rendered":"Vereinsleben"},"content":{"rendered":"<figure id=\"attachment_1260\" aria-describedby=\"caption-attachment-1260\" style=\"width: 225px\" class=\"wp-caption aligncenter\"><img loading=\"lazy\" decoding=\"async\" class=\"wp-image-1260 size-full\" src=\"https:\/\/blog.cahokia.de\/wp-content\/uploads\/2022\/04\/big_38306189_0_225-130.jpg\" alt=\"Ausritt im hofeigenen Wald\" width=\"225\" height=\"130\" \/><figcaption id=\"caption-attachment-1260\" class=\"wp-caption-text\">Ausritt im hofeigenen Wald<\/figcaption><\/figure>\n<p>Wir bieten vielf\u00e4ltige Programme an &#8211; alles, was sich rund um das Pferd dreht, k\u00f6nnt Ihr erleben. Aber: Nach wie vor steht bei uns der Mensch im Mittelpunkt!<\/p>\n<p>Findet der Reitunterricht auf unserem Hof statt, m\u00f6chten wir, dass alle G\u00e4ste angenehme Stunden verbringen &#8211; in einer freundlichen Atmosph\u00e4re mit gegenseitiger Akzeptanz und Wertsch\u00e4tzung. Es gibt nach Absprache die M\u00f6glichkeit, das eigene Pferd mitzubringen oder Reitunterricht in heimischer Umgebung zu genie\u00dfen.<\/p>\n<p>Verschiedene Projekte stellen wir Euch auf den folgenden Seiten etwas genauer vor:<\/p>\n<ul>\n<li><b>Reiten f\u00fcr Kinder<br \/>\n<\/b>Viele Kinder haben bereits ihre ersten Reitstunden auf dem R\u00fccken eines unserer Pferde erlebt.<\/li>\n<li><b>Reiten f\u00fcr Anf\u00e4nger<\/b><br \/>\nDas Gef\u00fchl, mit einem sch\u00f6nen Tier wunderbare Stunden verbringen zu k\u00f6nnen, m\u00f6chten viele Menschen genie\u00dfen und wir erleichtern allen Interessenten den Einstieg.<\/li>\n<li><b>Reiten f\u00fcr Alle<\/b><br \/>\nUnser Verein steht allen offen, die sich f\u00fcr Pferde, das Reiten und das Bewegen in der Natur begeistern k\u00f6nnen. Es gibt keine Auswahlkriterien und auch keine &#8222;Ziel&#8220;gruppe, wichtiger sind Achtung und Respekt vor dem Pferd und vor den Menschen.<\/li>\n<li><b>Spezialit\u00e4ten<\/b><br \/>\nUnsere besondere St\u00e4rke sehen wir in dem Klima und Miteinander, so kommen viele Pferdeinteressierte Menschen zu uns, die sich in anderen Reitvereinen nicht zu Hause f\u00fchlen. Man macht das, was man sich zutraut und definiert das Tempo dahin selbst.<\/li>\n<li><b>Alles auch in Englischer Sprache!<\/b><br \/>\nAn allen Reit- und sonstigen Aktivit\u00e4ten k\u00f6nnen sich auch alle beteiligten, die gerade nicht so gut Deutsch k\u00f6nnen. Alles ist auch in Englischer Sprache m\u00f6glich, der viele Vereinsmitglieder m\u00e4chtig sind.<\/li>\n<li><b>Events<\/b><br \/>\n\u00dcber viele Aktivit\u00e4ten berichten wir im Bereich Aktuelles und Termine &#8211; dazu geh\u00f6ren u.a. das Ponyf\u00fchren bei Veranstaltungen, das Begleiten der Martinsumz\u00fcge, aber auch Videoclip-Drehs haben bei uns schon stattgefunden.<\/li>\n<\/ul>\n<figure id=\"attachment_1261\" aria-describedby=\"caption-attachment-1261\" style=\"width: 191px\" class=\"wp-caption aligncenter\"><img loading=\"lazy\" decoding=\"async\" class=\"wp-image-1261 size-full\" src=\"https:\/\/blog.cahokia.de\/wp-content\/uploads\/2022\/04\/big_38306224_0_191-130.jpg\" alt=\"\" width=\"191\" height=\"130\" \/><figcaption id=\"caption-attachment-1261\" class=\"wp-caption-text\">Der Stallkater &#8211; Felix<\/figcaption><\/figure>\n<p>Bitte zu <b>beachten<\/b>:<\/p>\n<p>Bei allen Reitangeboten und -aktivit\u00e4ten besteht ausnahmslos <b>Helmpflicht <\/b>und es sind immer feste Schuhe zu tragen, sobald man etwas mit und am Pferd tut.<\/p>\n<p>Viele Erfahrungen belegen die Notwendigkeit der Einhaltung dieser Pflichten, zum anderen ist es eine zwingende Forderung der Versicherung.<\/p>\n","protected":false},"excerpt":{"rendered":"<p>Wir bieten vielf\u00e4ltige Programme an &#8211; alles, was sich rund um das Pferd dreht, k\u00f6nnt Ihr erleben. Aber: Nach wie vor steht bei uns der Mensch im Mittelpunkt! Findet der Reitunterricht auf unserem Hof statt, m\u00f6chten wir, dass alle G\u00e4ste angenehme Stunden verbringen &#8211; in einer freundlichen Atmosph\u00e4re mit gegenseitiger Akzeptanz und Wertsch\u00e4tzung. Es gibt &hellip; <a href=\"https:\/\/blog.cahokia.de\/home\/vereinsleben\/\" class=\"more-link\"><span class=\"screen-reader-text\">Vereinsleben<\/span> weiterlesen <span class=\"meta-nav\">&rarr;<\/span><\/a><\/p>\n","protected":false},"author":4,"featured_media":0,"parent":0,"menu_order":0,"comment_status":"closed","ping_status":"closed","template":"page-templates\/full-width.php","meta":{"footnotes":""},"class_list":["post-1259","page","type-page","status-publish","hentry"],"_links":{"self":[{"href":"https:\/\/blog.cahokia.de\/home\/wp-json\/wp\/v2\/pages\/1259","targetHints":{"allow":["GET"]}}],"collection":[{"href":"https:\/\/blog.cahokia.de\/home\/wp-json\/wp\/v2\/pages"}],"about":[{"href":"https:\/\/blog.cahokia.de\/home\/wp-json\/wp\/v2\/types\/page"}],"author":[{"embeddable":true,"href":"https:\/\/blog.cahokia.de\/home\/wp-json\/wp\/v2\/users\/4"}],"replies":[{"embeddable":true,"href":"https:\/\/blog.cahokia.de\/home\/wp-json\/wp\/v2\/comments?post=1259"}],"version-history":[{"count":14,"href":"https:\/\/blog.cahokia.de\/home\/wp-json\/wp\/v2\/pages\/1259\/revisions"}],"predecessor-version":[{"id":1285,"href":"https:\/\/blog.cahokia.de\/home\/wp-json\/wp\/v2\/pages\/1259\/revisions\/1285"}],"wp:attachment":[{"href":"https:\/\/blog.cahokia.de\/home\/wp-json\/wp\/v2\/media?parent=1259"}],"curies":[{"name":"wp","href":"https:\/\/api.w.org\/{rel}","templated":true}]}}